{"id":299,"date":"2025-05-02T10:39:25","date_gmt":"2025-05-02T08:39:25","guid":{"rendered":"https:\/\/veloazur.com\/?page_id=299"},"modified":"2025-05-02T11:06:29","modified_gmt":"2025-05-02T09:06:29","slug":"le-marquage-des-velos","status":"publish","type":"page","link":"https:\/\/veloazur.com\/?page_id=299","title":{"rendered":"Le marquage des v\u00e9los"},"content":{"rendered":"\n<p>Le <a href=\"https:\/\/www.ecologie.gouv.fr\/politiques-publiques\/identification-cycles\" data-type=\"link\" data-id=\"https:\/\/www.ecologie.gouv.fr\/politiques-publiques\/identification-cycles\">marquage obligatoire<\/a> des v\u00e9los, pr\u00e9vu par la loi d\u2019orientation des mobilit\u00e9s (<a href=\"https:\/\/www.ecologie.gouv.fr\/loi-dorientation-des-mobilites\" data-type=\"link\" data-id=\"https:\/\/www.ecologie.gouv.fr\/loi-dorientation-des-mobilites\">LOM<\/a>), est une mesure entr\u00e9e en vigueur le 1er janvier 2021 pour les v\u00e9los neufs, depuis le 1er juillet 2021 pour les v\u00e9los d\u2019occasions vendus dans le commerce. Chaque op\u00e9rateur de marquage (<a href=\"https:\/\/moncompte.bicycode.eu\/se-connecter\" data-type=\"link\" data-id=\"https:\/\/moncompte.bicycode.eu\/se-connecter\">Bicycode<\/a>, <a href=\"https:\/\/www.recobike.com\/\" data-type=\"link\" data-id=\"https:\/\/www.recobike.com\/\">RECOBIKE<\/a> et <strong><a href=\"https:\/\/app.starway.fr\/authentification\/login\" data-type=\"link\" data-id=\"https:\/\/app.starway.fr\/authentification\/login\">Starway <\/a><\/strong>pour nous) d\u00e9tient sa propre base de donn\u00e9es et alimente un fichier unique : le FNUCI (fichier national unique des cycles identifi\u00e9s).<\/p>\n","protected":false},"excerpt":{"rendered":"<p>Le marquage obligatoire des v\u00e9los, pr\u00e9vu par la loi d\u2019orientation des mobilit\u00e9s (LOM), est une mesure entr\u00e9e en vigueur le 1er janvier 2021 pour les v\u00e9los neufs, depuis le 1er juillet 2021 pour les v\u00e9los d\u2019occasions vendus dans le commerce. Chaque op\u00e9rateur de marquage (Bicycode, RECOBIKE et Starway pour nous) d\u00e9tient sa propre base de [&hellip;]<\/p>\n","protected":false},"author":1,"featured_media":0,"parent":0,"menu_order":0,"comment_status":"closed","ping_status":"closed","template":"","meta":{"footnotes":""},"class_list":["post-299","page","type-page","status-publish","hentry"],"_links":{"self":[{"href":"https:\/\/veloazur.com\/index.php?rest_route=\/wp\/v2\/pages\/299","targetHints":{"allow":["GET"]}}],"collection":[{"href":"https:\/\/veloazur.com\/index.php?rest_route=\/wp\/v2\/pages"}],"about":[{"href":"https:\/\/veloazur.com\/index.php?rest_route=\/wp\/v2\/types\/page"}],"author":[{"embeddable":true,"href":"https:\/\/veloazur.com\/index.php?rest_route=\/wp\/v2\/users\/1"}],"replies":[{"embeddable":true,"href":"https:\/\/veloazur.com\/index.php?rest_route=%2Fwp%2Fv2%2Fcomments&post=299"}],"version-history":[{"count":2,"href":"https:\/\/veloazur.com\/index.php?rest_route=\/wp\/v2\/pages\/299\/revisions"}],"predecessor-version":[{"id":306,"href":"https:\/\/veloazur.com\/index.php?rest_route=\/wp\/v2\/pages\/299\/revisions\/306"}],"wp:attachment":[{"href":"https:\/\/veloazur.com\/index.php?rest_route=%2Fwp%2Fv2%2Fmedia&parent=299"}],"curies":[{"name":"wp","href":"https:\/\/api.w.org\/{rel}","templated":true}]}}